{"id":95,"date":"2014-07-03T08:31:18","date_gmt":"2014-07-03T08:31:18","guid":{"rendered":"http:\/\/jardins2serignan.fr\/?page_id=95"},"modified":"2016-11-16T08:22:35","modified_gmt":"2016-11-16T08:22:35","slug":"marches-public","status":"publish","type":"page","link":"https:\/\/jardins2serignan.fr\/?page_id=95","title":{"rendered":"March\u00e9s Public"},"content":{"rendered":"<p>Pour acc\u00e9der \u00e0 l&rsquo;espace des march\u00e9s publics lanc\u00e9s par\u00a0l&rsquo; AFUA , merci de cliquer sur le lien suivant:<\/p>\n<p><a href=\"http:\/\/www.e-marchespublics.com\/\" target=\"_blank\">http:\/\/www.e-marchespublics.com\/<\/a><\/p>\n","protected":false},"excerpt":{"rendered":"<p>Pour acc\u00e9der \u00e0 l&rsquo;espace des march\u00e9s publics lanc\u00e9s par\u00a0l&rsquo; AFUA , merci de cliquer sur le lien suivant: http:\/\/www.e-marchespublics.com\/<\/p>\n","protected":false},"author":1,"featured_media":0,"parent":0,"menu_order":0,"comment_status":"open","ping_status":"open","template":"","meta":{"footnotes":""},"class_list":["post-95","page","type-page","status-publish","hentry"],"_links":{"self":[{"href":"https:\/\/jardins2serignan.fr\/index.php?rest_route=\/wp\/v2\/pages\/95"}],"collection":[{"href":"https:\/\/jardins2serignan.fr\/index.php?rest_route=\/wp\/v2\/pages"}],"about":[{"href":"https:\/\/jardins2serignan.fr\/index.php?rest_route=\/wp\/v2\/types\/page"}],"author":[{"embeddable":true,"href":"https:\/\/jardins2serignan.fr\/index.php?rest_route=\/wp\/v2\/users\/1"}],"replies":[{"embeddable":true,"href":"https:\/\/jardins2serignan.fr\/index.php?rest_route=%2Fwp%2Fv2%2Fcomments&post=95"}],"version-history":[{"count":4,"href":"https:\/\/jardins2serignan.fr\/index.php?rest_route=\/wp\/v2\/pages\/95\/revisions"}],"predecessor-version":[{"id":909,"href":"https:\/\/jardins2serignan.fr\/index.php?rest_route=\/wp\/v2\/pages\/95\/revisions\/909"}],"wp:attachment":[{"href":"https:\/\/jardins2serignan.fr\/index.php?rest_route=%2Fwp%2Fv2%2Fmedia&parent=95"}],"curies":[{"name":"wp","href":"https:\/\/api.w.org\/{rel}","templated":true}]}}